{"id":7917,"date":"2026-02-05T12:40:06","date_gmt":"2026-02-05T11:40:06","guid":{"rendered":"https:\/\/www.netskyn.net\/test\/labitta\/faq\/"},"modified":"2026-03-03T15:00:44","modified_gmt":"2026-03-03T14:00:44","slug":"faq","status":"publish","type":"page","link":"https:\/\/www.hotellabitta.com\/de\/faq\/","title":{"rendered":"FAQ"},"content":{"rendered":"\t\t<div data-elementor-type=\"wp-page\" data-elementor-id=\"7917\" class=\"elementor elementor-7917\">\n\t\t\t\t<div class=\"elementor-element elementor-element-4fb1117 e-flex e-con-boxed e-con e-parent\" data-id=\"4fb1117\" data-element_type=\"container\" data-e-type=\"container\" data-settings=\"{&quot;background_background&quot;:&quot;classic&quot;}\">\n\t\t\t\t\t<div class=\"e-con-inner\">\n\t\t\t\t<div class=\"elementor-element elementor-element-f13a543 elementor-widget elementor-widget-heading\" data-id=\"f13a543\" data-element_type=\"widget\" data-e-type=\"widget\" data-widget_type=\"heading.default\">\n\t\t\t\t\t<h1 class=\"elementor-heading-title elementor-size-default\">FAQ<\/h1>\t\t\t\t<\/div>\n\t\t\t\t\t<\/div>\n\t\t\t\t<\/div>\n\t\t<div class=\"elementor-element elementor-element-30acd0d e-flex e-con-boxed e-con e-parent\" data-id=\"30acd0d\" data-element_type=\"container\" data-e-type=\"container\">\n\t\t\t\t\t<div class=\"e-con-inner\">\n\t\t\t\t<div class=\"elementor-element elementor-element-b88eb96 elementor-widget elementor-widget-elitestay-heading-title-widget\" data-id=\"b88eb96\" data-element_type=\"widget\" data-e-type=\"widget\" data-widget_type=\"elitestay-heading-title-widget.default\">\n\t\t\t\t<div class=\"elementor-widget-container\">\n\t\t\t\t\t        \n                            <div class=\"section-main-title\">\n                    <div class=\"section-wrapper tw-mb-14 tw_fade_anim\">\n                                                    <h6 class=\"section-subtitle tw-text-xl fw-medium text-uppercase tw-mb-4 text-main-600\">\n                                FAQ                            <\/h6>\n                                                                            <h2 class=\"section-title fw-normal tw-mb-7 tw-char-animation\">\n                                Vorschriften f\u00fcr den Fahrradverleih                            <\/h2>\n                                                                    <\/div>\n                <\/div>\n\n                    \t\t\t\t<\/div>\n\t\t\t\t<\/div>\n\t\t\t\t<div class=\"elementor-element elementor-element-0f01297 elementor-widget elementor-widget-elitestay-accordion-one-widget\" data-id=\"0f01297\" data-element_type=\"widget\" data-e-type=\"widget\" data-widget_type=\"elitestay-accordion-one-widget.default\">\n\t\t\t\t<div class=\"elementor-widget-container\">\n\t\t\t\t\t           \n            <div class=\"room-details-faq\">\n                <div class=\"room-details-wrapper\">\n                    <div class=\"accordion\" id=\"general_faqaccordion\">\n                                                                                <div class=\"accordion-item room-details-accordion-item\">\n                                                                    <h2 class=\"accordion-header\" id=\"order_0\">\n                                        <button class=\"accordion-button room-details-accordion-button \" type=\"button\" data-bs-toggle=\"collapse\" data-bs-target=\"#order__collapse_0\" aria-expanded=\"true\" aria-controls=\"order__collapse_0\">\n                                            Kostenlose Vermietung                                        <\/button>\n                                    <\/h2>\n                                                                                                    <div id=\"order__collapse_0\" class=\"accordion-collapse collapse show\" aria-labelledby=\"order_0\" data-bs-parent=\"#general_faqaccordion\">\n                                        <div class=\"accordion-body room-details-accordion-body\">\n                                            <p>\n                                                Fahrr\u00e4der werden kostenlos und je nach Verf\u00fcgbarkeit zur Verf\u00fcgung gestellt.\n<br\/>\nSie m\u00fcssen bei R\u00fcckkehr ins Hotel zur\u00fcckgegeben werden.\n<br\/>\nBei Nichtr\u00fcckgabe der Schl\u00fcssel wird eine Geb\u00fchr von 10,00 \u20ac pro Fahrrad und Tag erhoben.                                            <\/p>\n                                        <\/div>\n                                    <\/div>\n                                                            <\/div>\n                                                                                <div class=\"accordion-item room-details-accordion-item\">\n                                                                    <h2 class=\"accordion-header\" id=\"order_1\">\n                                        <button class=\"accordion-button room-details-accordion-button collapsed\" type=\"button\" data-bs-toggle=\"collapse\" data-bs-target=\"#order__collapse_1\" aria-expanded=\"true\" aria-controls=\"order__collapse_1\">\n                                            Benutzer                                        <\/button>\n                                    <\/h2>\n                                                                                                    <div id=\"order__collapse_1\" class=\"accordion-collapse collapse \" aria-labelledby=\"order_1\" data-bs-parent=\"#general_faqaccordion\">\n                                        <div class=\"accordion-body room-details-accordion-body\">\n                                            <p>\n                                                Erwachsene oder Minderj\u00e4hrige in Begleitung einer verantwortlichen Person d\u00fcrfen den Fahrradverleih in Anspruch nehmen.                                            <\/p>\n                                        <\/div>\n                                    <\/div>\n                                                            <\/div>\n                                                                                <div class=\"accordion-item room-details-accordion-item\">\n                                                                    <h2 class=\"accordion-header\" id=\"order_2\">\n                                        <button class=\"accordion-button room-details-accordion-button collapsed\" type=\"button\" data-bs-toggle=\"collapse\" data-bs-target=\"#order__collapse_2\" aria-expanded=\"true\" aria-controls=\"order__collapse_2\">\n                                            Verantwortung                                        <\/button>\n                                    <\/h2>\n                                                                                                    <div id=\"order__collapse_2\" class=\"accordion-collapse collapse \" aria-labelledby=\"order_2\" data-bs-parent=\"#general_faqaccordion\">\n                                        <div class=\"accordion-body room-details-accordion-body\">\n                                            <p>\n                                                Der Nutzer haftet f\u00fcr alle Sch\u00e4den, die ihm selbst oder dem Fahrrad entstehen. Hotel La Bitta \u00fcbernimmt keinerlei Haftung f\u00fcr Schadensersatz. Hotel La Bitta lehnt jegliche Haftung f\u00fcr unsachgem\u00e4\u00dfe Nutzung des Fahrrads oder Verst\u00f6\u00dfe gegen die Stra\u00dfenverkehrsordnung ab.                                            <\/p>\n                                        <\/div>\n                                    <\/div>\n                                                            <\/div>\n                                                                                <div class=\"accordion-item room-details-accordion-item\">\n                                                                    <h2 class=\"accordion-header\" id=\"order_3\">\n                                        <button class=\"accordion-button room-details-accordion-button collapsed\" type=\"button\" data-bs-toggle=\"collapse\" data-bs-target=\"#order__collapse_3\" aria-expanded=\"true\" aria-controls=\"order__collapse_3\">\n                                            Besch\u00e4digung\/Bruch                                        <\/button>\n                                    <\/h2>\n                                                                                                    <div id=\"order__collapse_3\" class=\"accordion-collapse collapse \" aria-labelledby=\"order_3\" data-bs-parent=\"#general_faqaccordion\">\n                                        <div class=\"accordion-body room-details-accordion-body\">\n                                            <p>\n                                                Das Fahrrad muss im gleichen Zustand zur\u00fcckgegeben werden, in dem es abgeholt wurde. Bei Besch\u00e4digung oder Bruch des Fahrrads ist eine Entsch\u00e4digung f\u00e4llig. Alternativ kann der Nutzer das Fahrrad auf eigene Kosten reparieren lassen. Im Falle eines irreparablen Schadens wird eine Entsch\u00e4digung in H\u00f6he von 200,00 \u20ac f\u00e4llig.                                            <\/p>\n                                        <\/div>\n                                    <\/div>\n                                                            <\/div>\n                                                                                <div class=\"accordion-item room-details-accordion-item\">\n                                                                    <h2 class=\"accordion-header\" id=\"order_4\">\n                                        <button class=\"accordion-button room-details-accordion-button collapsed\" type=\"button\" data-bs-toggle=\"collapse\" data-bs-target=\"#order__collapse_4\" aria-expanded=\"true\" aria-controls=\"order__collapse_4\">\n                                            Diebstahl                                        <\/button>\n                                    <\/h2>\n                                                                                                    <div id=\"order__collapse_4\" class=\"accordion-collapse collapse \" aria-labelledby=\"order_4\" data-bs-parent=\"#general_faqaccordion\">\n                                        <div class=\"accordion-body room-details-accordion-body\">\n                                            <p>\n                                                Im Falle eines Diebstahls des Fahrrads muss der Benutzer eine Kopie der bei den zust\u00e4ndigen Beh\u00f6rden erstatteten Diebstahlsanzeige vorlegen und die Summe von 200,00 \u20ac zahlen, die erstattet wird, wenn das Fahrrad wiedergefunden wird.                                            <\/p>\n                                        <\/div>\n                                    <\/div>\n                                                            <\/div>\n                                                                                <div class=\"accordion-item room-details-accordion-item\">\n                                                                    <h2 class=\"accordion-header\" id=\"order_5\">\n                                        <button class=\"accordion-button room-details-accordion-button collapsed\" type=\"button\" data-bs-toggle=\"collapse\" data-bs-target=\"#order__collapse_5\" aria-expanded=\"true\" aria-controls=\"order__collapse_5\">\n                                            Verpflichtungen                                        <\/button>\n                                    <\/h2>\n                                                                                                    <div id=\"order__collapse_5\" class=\"accordion-collapse collapse \" aria-labelledby=\"order_5\" data-bs-parent=\"#general_faqaccordion\">\n                                        <div class=\"accordion-body room-details-accordion-body\">\n                                            <p>\n                                                Der Benutzer verpflichtet sich, das Fahrrad pfleglich zu behandeln; es stets mit einem Schloss zu sichern, wenn er es unbeaufsichtigt l\u00e4sst; das Fahrrad in \u00dcbereinstimmung mit den Verkehrsregeln zu fahren und zu benutzen; jegliche Sch\u00e4den am Fahrrad zu melden;                                            <\/p>\n                                        <\/div>\n                                    <\/div>\n                                                            <\/div>\n                                                                                <div class=\"accordion-item room-details-accordion-item\">\n                                                                    <h2 class=\"accordion-header\" id=\"order_6\">\n                                        <button class=\"accordion-button room-details-accordion-button collapsed\" type=\"button\" data-bs-toggle=\"collapse\" data-bs-target=\"#order__collapse_6\" aria-expanded=\"true\" aria-controls=\"order__collapse_6\">\n                                            Mietverweigerung                                        <\/button>\n                                    <\/h2>\n                                                                                                    <div id=\"order__collapse_6\" class=\"accordion-collapse collapse \" aria-labelledby=\"order_6\" data-bs-parent=\"#general_faqaccordion\">\n                                        <div class=\"accordion-body room-details-accordion-body\">\n                                            <p>\n                                                Das Hotel La Bitta kann nach eigenem Ermessen die Vermietung eines Fahrrads an Personen verweigern, die betrunken oder unter Drogeneinfluss stehen (gem\u00e4\u00df Artikel 186-187 der Stra\u00dfenverkehrsordnung) oder aus anderen Gr\u00fcnden.                                            <\/p>\n                                        <\/div>\n                                    <\/div>\n                                                            <\/div>\n                                                                                <div class=\"accordion-item room-details-accordion-item\">\n                                                                    <h2 class=\"accordion-header\" id=\"order_7\">\n                                        <button class=\"accordion-button room-details-accordion-button collapsed\" type=\"button\" data-bs-toggle=\"collapse\" data-bs-target=\"#order__collapse_7\" aria-expanded=\"true\" aria-controls=\"order__collapse_7\">\n                                            Bedingungen                                        <\/button>\n                                    <\/h2>\n                                                                                                    <div id=\"order__collapse_7\" class=\"accordion-collapse collapse \" aria-labelledby=\"order_7\" data-bs-parent=\"#general_faqaccordion\">\n                                        <div class=\"accordion-body room-details-accordion-body\">\n                                            <p>\n                                                Die Fahrradmiete setzt die Kenntnis und bedingungslose Akzeptanz dieser am Hoteleingang aush\u00e4ngenden Bestimmungen voraus und entbindet das Hotel La Bitta von jeglicher Haftung.                                            <\/p>\n                                        <\/div>\n                                    <\/div>\n                                                            <\/div>\n                                            <\/div>\n                <\/div>\n            <\/div>\n\n        \t\t\t\t<\/div>\n\t\t\t\t<\/div>\n\t\t\t\t<div class=\"elementor-element elementor-element-8d45945 elementor-widget elementor-widget-heading\" data-id=\"8d45945\" data-element_type=\"widget\" data-e-type=\"widget\" data-widget_type=\"heading.default\">\n\t\t\t\t\t<span class=\"elementor-heading-title elementor-size-default\">Nach der Stra\u00dfenverkehrsordnung fallen Fahrr\u00e4der (Velocipede genannt) ebenfalls in die Kategorie der Fahrzeuge, und daher finden nach Ansicht des Kassationsgerichtshofs auch die Bestimmungen des Artikels 2054 des B\u00fcrgerlichen Gesetzbuches Anwendung, wenn durch ihre Nutzung ein Schaden verursacht wird.<\/span>\t\t\t\t<\/div>\n\t\t\t\t\t<\/div>\n\t\t\t\t<\/div>\n\t\t\t\t<\/div>\n\t\t","protected":false},"excerpt":{"rendered":"<p>FAQ FAQ Vorschriften f\u00fcr den Fahrradverleih Kostenlose Vermietung Fahrr\u00e4der werden kostenlos und je nach Verf\u00fcgbarkeit zur Verf\u00fcgung gestellt. Sie m\u00fcssen bei R\u00fcckkehr ins Hotel zur\u00fcckgegeben werden. Bei Nichtr\u00fcckgabe der Schl\u00fcssel wird eine Geb\u00fchr von 10,00 \u20ac pro Fahrrad und Tag erhoben. Benutzer Erwachsene oder Minderj\u00e4hrige in Begleitung einer verantwortlichen Person d\u00fcrfen den Fahrradverleih in Anspruch<\/p>\n","protected":false},"author":1,"featured_media":0,"parent":0,"menu_order":0,"comment_status":"closed","ping_status":"closed","template":"elementor_header_footer","meta":{"_acf_changed":false,"footnotes":""},"class_list":["post-7917","page","type-page","status-publish","hentry"],"acf":[],"yoast_head":"<!-- This site is optimized with the Yoast SEO plugin v27.4 - https:\/\/yoast.com\/product\/yoast-seo-wordpress\/ -->\n<title>H\u00e4ufig gestellte Fragen zum Fahrradverleih | Hotel La Bitta ***<\/title>\n<meta name=\"robots\" content=\"index, follow, max-snippet:-1, max-image-preview:large, max-video-preview:-1\" \/>\n<link rel=\"canonical\" href=\"https:\/\/www.hotellabitta.com\/de\/faq\/\" \/>\n<meta property=\"og:locale\" content=\"de_DE\" \/>\n<meta property=\"og:type\" content=\"article\" \/>\n<meta property=\"og:title\" content=\"H\u00e4ufig gestellte Fragen zum Fahrradverleih | Hotel La Bitta ***\" \/>\n<meta property=\"og:description\" content=\"FAQ FAQ Vorschriften f\u00fcr den Fahrradverleih Kostenlose Vermietung Fahrr\u00e4der werden kostenlos und je nach Verf\u00fcgbarkeit zur Verf\u00fcgung gestellt. Sie m\u00fcssen bei R\u00fcckkehr ins Hotel zur\u00fcckgegeben werden. Bei Nichtr\u00fcckgabe der Schl\u00fcssel wird eine Geb\u00fchr von 10,00 \u20ac pro Fahrrad und Tag erhoben. Benutzer Erwachsene oder Minderj\u00e4hrige in Begleitung einer verantwortlichen Person d\u00fcrfen den Fahrradverleih in Anspruch\" \/>\n<meta property=\"og:url\" content=\"https:\/\/www.hotellabitta.com\/de\/faq\/\" \/>\n<meta property=\"og:site_name\" content=\"Hotel La Bitta\" \/>\n<meta property=\"article:modified_time\" content=\"2026-03-03T14:00:44+00:00\" \/>\n<meta name=\"twitter:card\" content=\"summary_large_image\" \/>\n<meta name=\"twitter:label1\" content=\"Gesch\u00e4tzte Lesezeit\" \/>\n\t<meta name=\"twitter:data1\" content=\"2\u00a0Minuten\" \/>\n<script type=\"application\/ld+json\" class=\"yoast-schema-graph\">{\"@context\":\"https:\\\/\\\/schema.org\",\"@graph\":[{\"@type\":\"WebPage\",\"@id\":\"https:\\\/\\\/www.hotellabitta.com\\\/de\\\/faq\\\/\",\"url\":\"https:\\\/\\\/www.hotellabitta.com\\\/de\\\/faq\\\/\",\"name\":\"H\u00e4ufig gestellte Fragen zum Fahrradverleih | Hotel La Bitta ***\",\"isPartOf\":{\"@id\":\"https:\\\/\\\/www.hotellabitta.com\\\/de\\\/#website\"},\"datePublished\":\"2026-02-05T11:40:06+00:00\",\"dateModified\":\"2026-03-03T14:00:44+00:00\",\"breadcrumb\":{\"@id\":\"https:\\\/\\\/www.hotellabitta.com\\\/de\\\/faq\\\/#breadcrumb\"},\"inLanguage\":\"de\",\"potentialAction\":[{\"@type\":\"ReadAction\",\"target\":[\"https:\\\/\\\/www.hotellabitta.com\\\/de\\\/faq\\\/\"]}]},{\"@type\":\"BreadcrumbList\",\"@id\":\"https:\\\/\\\/www.hotellabitta.com\\\/de\\\/faq\\\/#breadcrumb\",\"itemListElement\":[{\"@type\":\"ListItem\",\"position\":1,\"name\":\"Home\",\"item\":\"https:\\\/\\\/www.hotellabitta.com\\\/de\\\/\"},{\"@type\":\"ListItem\",\"position\":2,\"name\":\"FAQ\"}]},{\"@type\":\"WebSite\",\"@id\":\"https:\\\/\\\/www.hotellabitta.com\\\/de\\\/#website\",\"url\":\"https:\\\/\\\/www.hotellabitta.com\\\/de\\\/\",\"name\":\"Hotel La Bitta\",\"description\":\"\",\"potentialAction\":[{\"@type\":\"SearchAction\",\"target\":{\"@type\":\"EntryPoint\",\"urlTemplate\":\"https:\\\/\\\/www.hotellabitta.com\\\/de\\\/?s={search_term_string}\"},\"query-input\":{\"@type\":\"PropertyValueSpecification\",\"valueRequired\":true,\"valueName\":\"search_term_string\"}}],\"inLanguage\":\"de\"}]}<\/script>\n<!-- \/ Yoast SEO plugin. -->","yoast_head_json":{"title":"H\u00e4ufig gestellte Fragen zum Fahrradverleih | Hotel La Bitta ***","robots":{"index":"index","follow":"follow","max-snippet":"max-snippet:-1","max-image-preview":"max-image-preview:large","max-video-preview":"max-video-preview:-1"},"canonical":"https:\/\/www.hotellabitta.com\/de\/faq\/","og_locale":"de_DE","og_type":"article","og_title":"H\u00e4ufig gestellte Fragen zum Fahrradverleih | Hotel La Bitta ***","og_description":"FAQ FAQ Vorschriften f\u00fcr den Fahrradverleih Kostenlose Vermietung Fahrr\u00e4der werden kostenlos und je nach Verf\u00fcgbarkeit zur Verf\u00fcgung gestellt. Sie m\u00fcssen bei R\u00fcckkehr ins Hotel zur\u00fcckgegeben werden. Bei Nichtr\u00fcckgabe der Schl\u00fcssel wird eine Geb\u00fchr von 10,00 \u20ac pro Fahrrad und Tag erhoben. Benutzer Erwachsene oder Minderj\u00e4hrige in Begleitung einer verantwortlichen Person d\u00fcrfen den Fahrradverleih in Anspruch","og_url":"https:\/\/www.hotellabitta.com\/de\/faq\/","og_site_name":"Hotel La Bitta","article_modified_time":"2026-03-03T14:00:44+00:00","twitter_card":"summary_large_image","twitter_misc":{"Gesch\u00e4tzte Lesezeit":"2\u00a0Minuten"},"schema":{"@context":"https:\/\/schema.org","@graph":[{"@type":"WebPage","@id":"https:\/\/www.hotellabitta.com\/de\/faq\/","url":"https:\/\/www.hotellabitta.com\/de\/faq\/","name":"H\u00e4ufig gestellte Fragen zum Fahrradverleih | Hotel La Bitta ***","isPartOf":{"@id":"https:\/\/www.hotellabitta.com\/de\/#website"},"datePublished":"2026-02-05T11:40:06+00:00","dateModified":"2026-03-03T14:00:44+00:00","breadcrumb":{"@id":"https:\/\/www.hotellabitta.com\/de\/faq\/#breadcrumb"},"inLanguage":"de","potentialAction":[{"@type":"ReadAction","target":["https:\/\/www.hotellabitta.com\/de\/faq\/"]}]},{"@type":"BreadcrumbList","@id":"https:\/\/www.hotellabitta.com\/de\/faq\/#breadcrumb","itemListElement":[{"@type":"ListItem","position":1,"name":"Home","item":"https:\/\/www.hotellabitta.com\/de\/"},{"@type":"ListItem","position":2,"name":"FAQ"}]},{"@type":"WebSite","@id":"https:\/\/www.hotellabitta.com\/de\/#website","url":"https:\/\/www.hotellabitta.com\/de\/","name":"Hotel La Bitta","description":"","potentialAction":[{"@type":"SearchAction","target":{"@type":"EntryPoint","urlTemplate":"https:\/\/www.hotellabitta.com\/de\/?s={search_term_string}"},"query-input":{"@type":"PropertyValueSpecification","valueRequired":true,"valueName":"search_term_string"}}],"inLanguage":"de"}]}},"_links":{"self":[{"href":"https:\/\/www.hotellabitta.com\/de\/wp-json\/wp\/v2\/pages\/7917","targetHints":{"allow":["GET"]}}],"collection":[{"href":"https:\/\/www.hotellabitta.com\/de\/wp-json\/wp\/v2\/pages"}],"about":[{"href":"https:\/\/www.hotellabitta.com\/de\/wp-json\/wp\/v2\/types\/page"}],"author":[{"embeddable":true,"href":"https:\/\/www.hotellabitta.com\/de\/wp-json\/wp\/v2\/users\/1"}],"replies":[{"embeddable":true,"href":"https:\/\/www.hotellabitta.com\/de\/wp-json\/wp\/v2\/comments?post=7917"}],"version-history":[{"count":4,"href":"https:\/\/www.hotellabitta.com\/de\/wp-json\/wp\/v2\/pages\/7917\/revisions"}],"predecessor-version":[{"id":7921,"href":"https:\/\/www.hotellabitta.com\/de\/wp-json\/wp\/v2\/pages\/7917\/revisions\/7921"}],"wp:attachment":[{"href":"https:\/\/www.hotellabitta.com\/de\/wp-json\/wp\/v2\/media?parent=7917"}],"curies":[{"name":"wp","href":"https:\/\/api.w.org\/{rel}","templated":true}]}}