{"id":8009,"date":"2026-02-05T12:40:06","date_gmt":"2026-02-05T11:40:06","guid":{"rendered":"https:\/\/www.netskyn.net\/test\/labitta\/faq\/"},"modified":"2026-03-03T16:08:43","modified_gmt":"2026-03-03T15:08:43","slug":"faq","status":"publish","type":"page","link":"https:\/\/www.hotellabitta.com\/fr\/faq\/","title":{"rendered":"FAQ"},"content":{"rendered":"\t\t<div data-elementor-type=\"wp-page\" data-elementor-id=\"8009\" class=\"elementor elementor-8009\">\n\t\t\t\t<div class=\"elementor-element elementor-element-4fb1117 e-flex e-con-boxed e-con e-parent\" data-id=\"4fb1117\" data-element_type=\"container\" data-e-type=\"container\" data-settings=\"{&quot;background_background&quot;:&quot;classic&quot;}\">\n\t\t\t\t\t<div class=\"e-con-inner\">\n\t\t\t\t<div class=\"elementor-element elementor-element-f13a543 elementor-widget elementor-widget-heading\" data-id=\"f13a543\" data-element_type=\"widget\" data-e-type=\"widget\" data-widget_type=\"heading.default\">\n\t\t\t\t\t<h1 class=\"elementor-heading-title elementor-size-default\">FAQ<\/h1>\t\t\t\t<\/div>\n\t\t\t\t\t<\/div>\n\t\t\t\t<\/div>\n\t\t<div class=\"elementor-element elementor-element-30acd0d e-flex e-con-boxed e-con e-parent\" data-id=\"30acd0d\" data-element_type=\"container\" data-e-type=\"container\">\n\t\t\t\t\t<div class=\"e-con-inner\">\n\t\t\t\t<div class=\"elementor-element elementor-element-b88eb96 elementor-widget elementor-widget-elitestay-heading-title-widget\" data-id=\"b88eb96\" data-element_type=\"widget\" data-e-type=\"widget\" data-widget_type=\"elitestay-heading-title-widget.default\">\n\t\t\t\t<div class=\"elementor-widget-container\">\n\t\t\t\t\t        \n                            <div class=\"section-main-title\">\n                    <div class=\"section-wrapper tw-mb-14 tw_fade_anim\">\n                                                    <h6 class=\"section-subtitle tw-text-xl fw-medium text-uppercase tw-mb-4 text-main-600\">\n                                FAQ                            <\/h6>\n                                                                            <h2 class=\"section-title fw-normal tw-mb-7 tw-char-animation\">\n                                R\u00e9glementation relative \u00e0 la location de v\u00e9los                            <\/h2>\n                                                                    <\/div>\n                <\/div>\n\n                    \t\t\t\t<\/div>\n\t\t\t\t<\/div>\n\t\t\t\t<div class=\"elementor-element elementor-element-0f01297 elementor-widget elementor-widget-elitestay-accordion-one-widget\" data-id=\"0f01297\" data-element_type=\"widget\" data-e-type=\"widget\" data-widget_type=\"elitestay-accordion-one-widget.default\">\n\t\t\t\t<div class=\"elementor-widget-container\">\n\t\t\t\t\t           \n            <div class=\"room-details-faq\">\n                <div class=\"room-details-wrapper\">\n                    <div class=\"accordion\" id=\"general_faqaccordion\">\n                                                                                <div class=\"accordion-item room-details-accordion-item\">\n                                                                    <h2 class=\"accordion-header\" id=\"order_0\">\n                                        <button class=\"accordion-button room-details-accordion-button \" type=\"button\" data-bs-toggle=\"collapse\" data-bs-target=\"#order__collapse_0\" aria-expanded=\"true\" aria-controls=\"order__collapse_0\">\n                                            Location gratuite                                        <\/button>\n                                    <\/h2>\n                                                                                                    <div id=\"order__collapse_0\" class=\"accordion-collapse collapse show\" aria-labelledby=\"order_0\" data-bs-parent=\"#general_faqaccordion\">\n                                        <div class=\"accordion-body room-details-accordion-body\">\n                                            <p>\n                                                Les v\u00e9los sont mis \u00e0 disposition gratuitement, sous r\u00e9serve de disponibilit\u00e9.\n<br\/>\nIls doivent \u00eatre restitu\u00e9s \u00e0 votre retour \u00e0 l'h\u00f4tel.\n<br\/>\nTout v\u00e9lo non restitu\u00e9 entra\u00eenera des frais de 10 \u20ac par jour.                                            <\/p>\n                                        <\/div>\n                                    <\/div>\n                                                            <\/div>\n                                                                                <div class=\"accordion-item room-details-accordion-item\">\n                                                                    <h2 class=\"accordion-header\" id=\"order_1\">\n                                        <button class=\"accordion-button room-details-accordion-button collapsed\" type=\"button\" data-bs-toggle=\"collapse\" data-bs-target=\"#order__collapse_1\" aria-expanded=\"true\" aria-controls=\"order__collapse_1\">\n                                            Utilisateurs                                        <\/button>\n                                    <\/h2>\n                                                                                                    <div id=\"order__collapse_1\" class=\"accordion-collapse collapse \" aria-labelledby=\"order_1\" data-bs-parent=\"#general_faqaccordion\">\n                                        <div class=\"accordion-body room-details-accordion-body\">\n                                            <p>\n                                                Les adultes ou les mineurs accompagn\u00e9s d'une personne responsable peuvent acc\u00e9der au service de location de v\u00e9los.                                            <\/p>\n                                        <\/div>\n                                    <\/div>\n                                                            <\/div>\n                                                                                <div class=\"accordion-item room-details-accordion-item\">\n                                                                    <h2 class=\"accordion-header\" id=\"order_2\">\n                                        <button class=\"accordion-button room-details-accordion-button collapsed\" type=\"button\" data-bs-toggle=\"collapse\" data-bs-target=\"#order__collapse_2\" aria-expanded=\"true\" aria-controls=\"order__collapse_2\">\n                                            Responsabilit\u00e9                                        <\/button>\n                                    <\/h2>\n                                                                                                    <div id=\"order__collapse_2\" class=\"accordion-collapse collapse \" aria-labelledby=\"order_2\" data-bs-parent=\"#general_faqaccordion\">\n                                        <div class=\"accordion-body room-details-accordion-body\">\n                                            <p>\n                                                L\u2019utilisateur est responsable de tout dommage caus\u00e9 \u00e0 lui-m\u00eame ou au v\u00e9lo. L\u2019H\u00f4tel La Bitta ne peut \u00eatre tenu responsable d\u2019aucune mani\u00e8re et d\u00e9cline toute responsabilit\u00e9 en cas d\u2019utilisation inappropri\u00e9e du v\u00e9lo ou de non-respect du Code de la route.                                            <\/p>\n                                        <\/div>\n                                    <\/div>\n                                                            <\/div>\n                                                                                <div class=\"accordion-item room-details-accordion-item\">\n                                                                    <h2 class=\"accordion-header\" id=\"order_3\">\n                                        <button class=\"accordion-button room-details-accordion-button collapsed\" type=\"button\" data-bs-toggle=\"collapse\" data-bs-target=\"#order__collapse_3\" aria-expanded=\"true\" aria-controls=\"order__collapse_3\">\n                                            Dommages\/Casse                                        <\/button>\n                                    <\/h2>\n                                                                                                    <div id=\"order__collapse_3\" class=\"accordion-collapse collapse \" aria-labelledby=\"order_3\" data-bs-parent=\"#general_faqaccordion\">\n                                        <div class=\"accordion-body room-details-accordion-body\">\n                                            <p>\n                                                Le v\u00e9lo doit \u00eatre restitu\u00e9 dans le m\u00eame \u00e9tat qu'\u00e0 sa prise en charge. En cas de dommages ou de casse caus\u00e9s ou subis par le v\u00e9lo, une indemnisation sera demand\u00e9e. L'utilisateur peut \u00e9galement faire r\u00e9parer le v\u00e9lo \u00e0 ses frais. En cas de dommages irr\u00e9parables, une indemnisation de 200 \u20ac sera demand\u00e9e.                                            <\/p>\n                                        <\/div>\n                                    <\/div>\n                                                            <\/div>\n                                                                                <div class=\"accordion-item room-details-accordion-item\">\n                                                                    <h2 class=\"accordion-header\" id=\"order_4\">\n                                        <button class=\"accordion-button room-details-accordion-button collapsed\" type=\"button\" data-bs-toggle=\"collapse\" data-bs-target=\"#order__collapse_4\" aria-expanded=\"true\" aria-controls=\"order__collapse_4\">\n                                            Vol                                        <\/button>\n                                    <\/h2>\n                                                                                                    <div id=\"order__collapse_4\" class=\"accordion-collapse collapse \" aria-labelledby=\"order_4\" data-bs-parent=\"#general_faqaccordion\">\n                                        <div class=\"accordion-body room-details-accordion-body\">\n                                            <p>\n                                                En cas de vol du v\u00e9lo, l'utilisateur doit pr\u00e9senter une copie du rapport de vol d\u00e9pos\u00e9 aupr\u00e8s des autorit\u00e9s comp\u00e9tentes et payer la somme de 200,00 \u20ac, qui sera rembours\u00e9e si le v\u00e9lo est retrouv\u00e9.                                            <\/p>\n                                        <\/div>\n                                    <\/div>\n                                                            <\/div>\n                                                                                <div class=\"accordion-item room-details-accordion-item\">\n                                                                    <h2 class=\"accordion-header\" id=\"order_5\">\n                                        <button class=\"accordion-button room-details-accordion-button collapsed\" type=\"button\" data-bs-toggle=\"collapse\" data-bs-target=\"#order__collapse_5\" aria-expanded=\"true\" aria-controls=\"order__collapse_5\">\n                                            Obligations                                        <\/button>\n                                    <\/h2>\n                                                                                                    <div id=\"order__collapse_5\" class=\"accordion-collapse collapse \" aria-labelledby=\"order_5\" data-bs-parent=\"#general_faqaccordion\">\n                                        <div class=\"accordion-body room-details-accordion-body\">\n                                            <p>\n                                                L\u2019utilisateur s\u2019engage \u00e0 prendre soin du v\u00e9lo\u00a0; \u00e0 utiliser un antivol lorsqu\u2019il le laisse sans surveillance\u00a0; \u00e0 conduire et \u00e0 utiliser le v\u00e9lo conform\u00e9ment au code de la route\u00a0; \u00e0 signaler tout dommage caus\u00e9 au v\u00e9lo ou subi par celui-ci\u00a0;                                            <\/p>\n                                        <\/div>\n                                    <\/div>\n                                                            <\/div>\n                                                                                <div class=\"accordion-item room-details-accordion-item\">\n                                                                    <h2 class=\"accordion-header\" id=\"order_6\">\n                                        <button class=\"accordion-button room-details-accordion-button collapsed\" type=\"button\" data-bs-toggle=\"collapse\" data-bs-target=\"#order__collapse_6\" aria-expanded=\"true\" aria-controls=\"order__collapse_6\">\n                                            Refus de louer                                        <\/button>\n                                    <\/h2>\n                                                                                                    <div id=\"order__collapse_6\" class=\"accordion-collapse collapse \" aria-labelledby=\"order_6\" data-bs-parent=\"#general_faqaccordion\">\n                                        <div class=\"accordion-body room-details-accordion-body\">\n                                            <p>\n                                                L'h\u00f4tel La Bitta peut refuser de louer un v\u00e9lo \u00e0 toute personne ivre ou sous l'influence de drogues (conform\u00e9ment aux articles 186-187 du Code de la route) ou pour d'autres raisons, \u00e0 sa seule discr\u00e9tion.                                            <\/p>\n                                        <\/div>\n                                    <\/div>\n                                                            <\/div>\n                                                                                <div class=\"accordion-item room-details-accordion-item\">\n                                                                    <h2 class=\"accordion-header\" id=\"order_7\">\n                                        <button class=\"accordion-button room-details-accordion-button collapsed\" type=\"button\" data-bs-toggle=\"collapse\" data-bs-target=\"#order__collapse_7\" aria-expanded=\"true\" aria-controls=\"order__collapse_7\">\n                                            Conditions                                        <\/button>\n                                    <\/h2>\n                                                                                                    <div id=\"order__collapse_7\" class=\"accordion-collapse collapse \" aria-labelledby=\"order_7\" data-bs-parent=\"#general_faqaccordion\">\n                                        <div class=\"accordion-body room-details-accordion-body\">\n                                            <p>\n                                                La location de v\u00e9los suppose la connaissance et l'acceptation sans r\u00e9serve du pr\u00e9sent r\u00e8glement affich\u00e9 \u00e0 l'entr\u00e9e de l'h\u00f4tel, d\u00e9gageant ainsi l'H\u00f4tel La Bitta de toute responsabilit\u00e9.                                            <\/p>\n                                        <\/div>\n                                    <\/div>\n                                                            <\/div>\n                                            <\/div>\n                <\/div>\n            <\/div>\n\n        \t\t\t\t<\/div>\n\t\t\t\t<\/div>\n\t\t\t\t<div class=\"elementor-element elementor-element-8d45945 elementor-widget elementor-widget-heading\" data-id=\"8d45945\" data-element_type=\"widget\" data-e-type=\"widget\" data-widget_type=\"heading.default\">\n\t\t\t\t\t<span class=\"elementor-heading-title elementor-size-default\">Selon le Code de la route, les bicyclettes (appel\u00e9es v\u00e9locip\u00e8des) entrent \u00e9galement dans la cat\u00e9gorie des v\u00e9hicules et, par cons\u00e9quent, selon la Cour de cassation, les dispositions de l'article 2054 du Code civil s'appliquent \u00e9galement en cas de dommages caus\u00e9s par leur circulation.<\/span>\t\t\t\t<\/div>\n\t\t\t\t\t<\/div>\n\t\t\t\t<\/div>\n\t\t\t\t<\/div>\n\t\t","protected":false},"excerpt":{"rendered":"<p>FAQ FAQ R\u00e9glementation relative \u00e0 la location de v\u00e9los Location gratuite Les v\u00e9los sont mis \u00e0 disposition gratuitement, sous r\u00e9serve de disponibilit\u00e9. Ils doivent \u00eatre restitu\u00e9s \u00e0 votre retour \u00e0 l&rsquo;h\u00f4tel. Tout v\u00e9lo non restitu\u00e9 entra\u00eenera des frais de 10 \u20ac par jour. Utilisateurs Les adultes ou les mineurs accompagn\u00e9s d&rsquo;une personne responsable peuvent acc\u00e9der<\/p>\n","protected":false},"author":1,"featured_media":0,"parent":0,"menu_order":0,"comment_status":"closed","ping_status":"closed","template":"elementor_header_footer","meta":{"_acf_changed":false,"footnotes":""},"class_list":["post-8009","page","type-page","status-publish","hentry"],"acf":[],"yoast_head":"<!-- This site is optimized with the Yoast SEO plugin v27.4 - https:\/\/yoast.com\/product\/yoast-seo-wordpress\/ -->\n<title>FAQ sur la location de v\u00e9los | H\u00f4tel La Bitta ***<\/title>\n<meta name=\"robots\" content=\"index, follow, max-snippet:-1, max-image-preview:large, max-video-preview:-1\" \/>\n<link rel=\"canonical\" href=\"https:\/\/www.hotellabitta.com\/fr\/faq\/\" \/>\n<meta property=\"og:locale\" content=\"fr_FR\" \/>\n<meta property=\"og:type\" content=\"article\" \/>\n<meta property=\"og:title\" content=\"FAQ sur la location de v\u00e9los | H\u00f4tel La Bitta ***\" \/>\n<meta property=\"og:description\" content=\"FAQ FAQ R\u00e9glementation relative \u00e0 la location de v\u00e9los Location gratuite Les v\u00e9los sont mis \u00e0 disposition gratuitement, sous r\u00e9serve de disponibilit\u00e9. Ils doivent \u00eatre restitu\u00e9s \u00e0 votre retour \u00e0 l&rsquo;h\u00f4tel. Tout v\u00e9lo non restitu\u00e9 entra\u00eenera des frais de 10 \u20ac par jour. Utilisateurs Les adultes ou les mineurs accompagn\u00e9s d&rsquo;une personne responsable peuvent acc\u00e9der\" \/>\n<meta property=\"og:url\" content=\"https:\/\/www.hotellabitta.com\/fr\/faq\/\" \/>\n<meta property=\"og:site_name\" content=\"Hotel La Bitta\" \/>\n<meta property=\"article:modified_time\" content=\"2026-03-03T15:08:43+00:00\" \/>\n<meta name=\"twitter:card\" content=\"summary_large_image\" \/>\n<meta name=\"twitter:label1\" content=\"Dur\u00e9e de lecture estim\u00e9e\" \/>\n\t<meta name=\"twitter:data1\" content=\"2 minutes\" \/>\n<script type=\"application\/ld+json\" class=\"yoast-schema-graph\">{\"@context\":\"https:\\\/\\\/schema.org\",\"@graph\":[{\"@type\":\"WebPage\",\"@id\":\"https:\\\/\\\/www.hotellabitta.com\\\/fr\\\/faq\\\/\",\"url\":\"https:\\\/\\\/www.hotellabitta.com\\\/fr\\\/faq\\\/\",\"name\":\"FAQ sur la location de v\u00e9los | H\u00f4tel La Bitta ***\",\"isPartOf\":{\"@id\":\"https:\\\/\\\/www.hotellabitta.com\\\/fr\\\/#website\"},\"datePublished\":\"2026-02-05T11:40:06+00:00\",\"dateModified\":\"2026-03-03T15:08:43+00:00\",\"breadcrumb\":{\"@id\":\"https:\\\/\\\/www.hotellabitta.com\\\/fr\\\/faq\\\/#breadcrumb\"},\"inLanguage\":\"fr-FR\",\"potentialAction\":[{\"@type\":\"ReadAction\",\"target\":[\"https:\\\/\\\/www.hotellabitta.com\\\/fr\\\/faq\\\/\"]}]},{\"@type\":\"BreadcrumbList\",\"@id\":\"https:\\\/\\\/www.hotellabitta.com\\\/fr\\\/faq\\\/#breadcrumb\",\"itemListElement\":[{\"@type\":\"ListItem\",\"position\":1,\"name\":\"Home\",\"item\":\"https:\\\/\\\/www.hotellabitta.com\\\/fr\\\/\"},{\"@type\":\"ListItem\",\"position\":2,\"name\":\"FAQ\"}]},{\"@type\":\"WebSite\",\"@id\":\"https:\\\/\\\/www.hotellabitta.com\\\/fr\\\/#website\",\"url\":\"https:\\\/\\\/www.hotellabitta.com\\\/fr\\\/\",\"name\":\"Hotel La Bitta\",\"description\":\"\",\"potentialAction\":[{\"@type\":\"SearchAction\",\"target\":{\"@type\":\"EntryPoint\",\"urlTemplate\":\"https:\\\/\\\/www.hotellabitta.com\\\/fr\\\/?s={search_term_string}\"},\"query-input\":{\"@type\":\"PropertyValueSpecification\",\"valueRequired\":true,\"valueName\":\"search_term_string\"}}],\"inLanguage\":\"fr-FR\"}]}<\/script>\n<!-- \/ Yoast SEO plugin. -->","yoast_head_json":{"title":"FAQ sur la location de v\u00e9los | H\u00f4tel La Bitta ***","robots":{"index":"index","follow":"follow","max-snippet":"max-snippet:-1","max-image-preview":"max-image-preview:large","max-video-preview":"max-video-preview:-1"},"canonical":"https:\/\/www.hotellabitta.com\/fr\/faq\/","og_locale":"fr_FR","og_type":"article","og_title":"FAQ sur la location de v\u00e9los | H\u00f4tel La Bitta ***","og_description":"FAQ FAQ R\u00e9glementation relative \u00e0 la location de v\u00e9los Location gratuite Les v\u00e9los sont mis \u00e0 disposition gratuitement, sous r\u00e9serve de disponibilit\u00e9. Ils doivent \u00eatre restitu\u00e9s \u00e0 votre retour \u00e0 l&rsquo;h\u00f4tel. Tout v\u00e9lo non restitu\u00e9 entra\u00eenera des frais de 10 \u20ac par jour. Utilisateurs Les adultes ou les mineurs accompagn\u00e9s d&rsquo;une personne responsable peuvent acc\u00e9der","og_url":"https:\/\/www.hotellabitta.com\/fr\/faq\/","og_site_name":"Hotel La Bitta","article_modified_time":"2026-03-03T15:08:43+00:00","twitter_card":"summary_large_image","twitter_misc":{"Dur\u00e9e de lecture estim\u00e9e":"2 minutes"},"schema":{"@context":"https:\/\/schema.org","@graph":[{"@type":"WebPage","@id":"https:\/\/www.hotellabitta.com\/fr\/faq\/","url":"https:\/\/www.hotellabitta.com\/fr\/faq\/","name":"FAQ sur la location de v\u00e9los | H\u00f4tel La Bitta ***","isPartOf":{"@id":"https:\/\/www.hotellabitta.com\/fr\/#website"},"datePublished":"2026-02-05T11:40:06+00:00","dateModified":"2026-03-03T15:08:43+00:00","breadcrumb":{"@id":"https:\/\/www.hotellabitta.com\/fr\/faq\/#breadcrumb"},"inLanguage":"fr-FR","potentialAction":[{"@type":"ReadAction","target":["https:\/\/www.hotellabitta.com\/fr\/faq\/"]}]},{"@type":"BreadcrumbList","@id":"https:\/\/www.hotellabitta.com\/fr\/faq\/#breadcrumb","itemListElement":[{"@type":"ListItem","position":1,"name":"Home","item":"https:\/\/www.hotellabitta.com\/fr\/"},{"@type":"ListItem","position":2,"name":"FAQ"}]},{"@type":"WebSite","@id":"https:\/\/www.hotellabitta.com\/fr\/#website","url":"https:\/\/www.hotellabitta.com\/fr\/","name":"Hotel La Bitta","description":"","potentialAction":[{"@type":"SearchAction","target":{"@type":"EntryPoint","urlTemplate":"https:\/\/www.hotellabitta.com\/fr\/?s={search_term_string}"},"query-input":{"@type":"PropertyValueSpecification","valueRequired":true,"valueName":"search_term_string"}}],"inLanguage":"fr-FR"}]}},"_links":{"self":[{"href":"https:\/\/www.hotellabitta.com\/fr\/wp-json\/wp\/v2\/pages\/8009","targetHints":{"allow":["GET"]}}],"collection":[{"href":"https:\/\/www.hotellabitta.com\/fr\/wp-json\/wp\/v2\/pages"}],"about":[{"href":"https:\/\/www.hotellabitta.com\/fr\/wp-json\/wp\/v2\/types\/page"}],"author":[{"embeddable":true,"href":"https:\/\/www.hotellabitta.com\/fr\/wp-json\/wp\/v2\/users\/1"}],"replies":[{"embeddable":true,"href":"https:\/\/www.hotellabitta.com\/fr\/wp-json\/wp\/v2\/comments?post=8009"}],"version-history":[{"count":4,"href":"https:\/\/www.hotellabitta.com\/fr\/wp-json\/wp\/v2\/pages\/8009\/revisions"}],"predecessor-version":[{"id":8055,"href":"https:\/\/www.hotellabitta.com\/fr\/wp-json\/wp\/v2\/pages\/8009\/revisions\/8055"}],"wp:attachment":[{"href":"https:\/\/www.hotellabitta.com\/fr\/wp-json\/wp\/v2\/media?parent=8009"}],"curies":[{"name":"wp","href":"https:\/\/api.w.org\/{rel}","templated":true}]}}